{"id":9865,"date":"2019-03-08T18:04:15","date_gmt":"2019-03-08T16:04:15","guid":{"rendered":"https:\/\/www.talking-about-whippets.de\/blog\/?page_id=9865"},"modified":"2021-05-02T15:25:40","modified_gmt":"2021-05-02T13:25:40","slug":"ruede-2-der-kleine-loewe","status":"publish","type":"page","link":"https:\/\/www.talking-about-whippets.de\/blog\/wurfe-2\/h-wurf\/ruede-2-der-kleine-loewe\/","title":{"rendered":"Talking About Humphrey Bogart"},"content":{"rendered":"<p><a href=\"https:\/\/www.talking-about-whippets.de\/blog\/wp-content\/uploads\/2019\/03\/10-Tag-R&#252;de-2-das-L&#246;wenm&#228;ulchen.jpg\"><img loading=\"lazy\" src=\"https:\/\/www.talking-about-whippets.de\/blog\/wp-content\/uploads\/2019\/03\/10-Tag-R&#252;de-2-das-L&#246;wenm&#228;ulchen-494x330.jpg\" alt=\"\" width=\"494\" height=\"330\" class=\"alignnone size-large wp-image-9871\" srcset=\"https:\/\/www.talking-about-whippets.de\/blog\/wp-content\/uploads\/2019\/03\/10-Tag-R&#252;de-2-das-L&#246;wenm&#228;ulchen-494x330.jpg 494w, https:\/\/www.talking-about-whippets.de\/blog\/wp-content\/uploads\/2019\/03\/10-Tag-R&#252;de-2-das-L&#246;wenm&#228;ulchen-188x126.jpg 188w, https:\/\/www.talking-about-whippets.de\/blog\/wp-content\/uploads\/2019\/03\/10-Tag-R&#252;de-2-das-L&#246;wenm&#228;ulchen-768x514.jpg 768w, https:\/\/www.talking-about-whippets.de\/blog\/wp-content\/uploads\/2019\/03\/10-Tag-R&#252;de-2-das-L&#246;wenm&#228;ulchen-1536x1027.jpg 1536w, https:\/\/www.talking-about-whippets.de\/blog\/wp-content\/uploads\/2019\/03\/10-Tag-R&#252;de-2-das-L&#246;wenm&#228;ulchen-2048x1370.jpg 2048w, https:\/\/www.talking-about-whippets.de\/blog\/wp-content\/uploads\/2019\/03\/10-Tag-R&#252;de-2-das-L&#246;wenm&#228;ulchen-1170x780.jpg 1170w, https:\/\/www.talking-about-whippets.de\/blog\/wp-content\/uploads\/2019\/03\/10-Tag-R&#252;de-2-das-L&#246;wenm&#228;ulchen-940x626.jpg 940w, https:\/\/www.talking-about-whippets.de\/blog\/wp-content\/uploads\/2019\/03\/10-Tag-R&#252;de-2-das-L&#246;wenm&#228;ulchen-720x480.jpg 720w, https:\/\/www.talking-about-whippets.de\/blog\/wp-content\/uploads\/2019\/03\/10-Tag-R&#252;de-2-das-L&#246;wenm&#228;ulchen-576x384.jpg 576w, https:\/\/www.talking-about-whippets.de\/blog\/wp-content\/uploads\/2019\/03\/10-Tag-R&#252;de-2-das-L&#246;wenm&#228;ulchen-320x213.jpg 320w, https:\/\/www.talking-about-whippets.de\/blog\/wp-content\/uploads\/2019\/03\/10-Tag-R&#252;de-2-das-L&#246;wenm&#228;ulchen-120x80.jpg 120w\" sizes=\"(max-width: 494px) 100vw, 494px\" \/><\/a><\/p>\n<p>Hier gibt es ein kleines Fotoalbum f&#252;r unseren kleinen R&#252;den 2.<br \/>\nMit dem breiten wei&#223;en Kragen ist er gut zu erkennen unser kleiner L&#246;we<\/p>\n<p><strong>Tag 10<\/strong><br \/>\n<div id='gallery-1' class='gallery galleryid-9865 gallery-popup gallery-columns-3 gallery-size-s gridItems gridItems--small gridItems--xs-3' data-columns><figure class='gallery-item gridItem gridItem--animate'><div class='gridItem__content'>\n\t\t\t<div class='gallery-icon'>\n\t\t\t\t<a href='https:\/\/www.talking-about-whippets.de\/blog\/wp-content\/uploads\/2019\/03\/10-Tag-R\u00fcde-2-hungriger-L\u00f6we_hp.jpg'><img width=\"576\" height=\"384\" src=\"https:\/\/www.talking-about-whippets.de\/blog\/wp-content\/uploads\/2019\/03\/10-Tag-R\u00fcde-2-hungriger-L\u00f6we_hp-576x384.jpg\" class=\"attachment-osom-h-s size-osom-h-s\" alt=\"\" loading=\"lazy\" srcset=\"https:\/\/www.talking-about-whippets.de\/blog\/wp-content\/uploads\/2019\/03\/10-Tag-R\u00fcde-2-hungriger-L\u00f6we_hp-576x384.jpg 576w, https:\/\/www.talking-about-whippets.de\/blog\/wp-content\/uploads\/2019\/03\/10-Tag-R\u00fcde-2-hungriger-L\u00f6we_hp-188x126.jpg 188w, https:\/\/www.talking-about-whippets.de\/blog\/wp-content\/uploads\/2019\/03\/10-Tag-R\u00fcde-2-hungriger-L\u00f6we_hp-494x330.jpg 494w, https:\/\/www.talking-about-whippets.de\/blog\/wp-content\/uploads\/2019\/03\/10-Tag-R\u00fcde-2-hungriger-L\u00f6we_hp-1170x780.jpg 1170w, https:\/\/www.talking-about-whippets.de\/blog\/wp-content\/uploads\/2019\/03\/10-Tag-R\u00fcde-2-hungriger-L\u00f6we_hp-940x626.jpg 940w, https:\/\/www.talking-about-whippets.de\/blog\/wp-content\/uploads\/2019\/03\/10-Tag-R\u00fcde-2-hungriger-L\u00f6we_hp-320x213.jpg 320w, https:\/\/www.talking-about-whippets.de\/blog\/wp-content\/uploads\/2019\/03\/10-Tag-R\u00fcde-2-hungriger-L\u00f6we_hp-120x80.jpg 120w, https:\/\/www.talking-about-whippets.de\/blog\/wp-content\/uploads\/2019\/03\/10-Tag-R\u00fcde-2-hungriger-L\u00f6we_hp-720x480.jpg 720w\" sizes=\"(max-width: 576px) 100vw, 576px\" \/><\/a>\n\t\t\t<\/div><\/div><\/figure><figure class='gallery-item gridItem gridItem--animate'><div class='gridItem__content'>\n\t\t\t<div class='gallery-icon'>\n\t\t\t\t<a href='https:\/\/www.talking-about-whippets.de\/blog\/wp-content\/uploads\/2019\/03\/10-Tag-R\u00fcde-2-Portrait_hp.jpg'><img width=\"576\" height=\"384\" src=\"https:\/\/www.talking-about-whippets.de\/blog\/wp-content\/uploads\/2019\/03\/10-Tag-R\u00fcde-2-Portrait_hp-576x384.jpg\" class=\"attachment-osom-h-s size-osom-h-s\" alt=\"\" loading=\"lazy\" srcset=\"https:\/\/www.talking-about-whippets.de\/blog\/wp-content\/uploads\/2019\/03\/10-Tag-R\u00fcde-2-Portrait_hp-576x384.jpg 576w, https:\/\/www.talking-about-whippets.de\/blog\/wp-content\/uploads\/2019\/03\/10-Tag-R\u00fcde-2-Portrait_hp-188x126.jpg 188w, https:\/\/www.talking-about-whippets.de\/blog\/wp-content\/uploads\/2019\/03\/10-Tag-R\u00fcde-2-Portrait_hp-494x330.jpg 494w, https:\/\/www.talking-about-whippets.de\/blog\/wp-content\/uploads\/2019\/03\/10-Tag-R\u00fcde-2-Portrait_hp-1170x780.jpg 1170w, https:\/\/www.talking-about-whippets.de\/blog\/wp-content\/uploads\/2019\/03\/10-Tag-R\u00fcde-2-Portrait_hp-940x626.jpg 940w, https:\/\/www.talking-about-whippets.de\/blog\/wp-content\/uploads\/2019\/03\/10-Tag-R\u00fcde-2-Portrait_hp-320x213.jpg 320w, https:\/\/www.talking-about-whippets.de\/blog\/wp-content\/uploads\/2019\/03\/10-Tag-R\u00fcde-2-Portrait_hp-120x80.jpg 120w, https:\/\/www.talking-about-whippets.de\/blog\/wp-content\/uploads\/2019\/03\/10-Tag-R\u00fcde-2-Portrait_hp-720x480.jpg 720w\" sizes=\"(max-width: 576px) 100vw, 576px\" \/><\/a>\n\t\t\t<\/div><\/div><\/figure><figure class='gallery-item gridItem gridItem--animate'><div class='gridItem__content'>\n\t\t\t<div class='gallery-icon'>\n\t\t\t\t<a href='https:\/\/www.talking-about-whippets.de\/blog\/wp-content\/uploads\/2019\/03\/10-Tag-R\u00fcde-2_hp.jpg'><img width=\"576\" height=\"384\" src=\"https:\/\/www.talking-about-whippets.de\/blog\/wp-content\/uploads\/2019\/03\/10-Tag-R\u00fcde-2_hp-576x384.jpg\" class=\"attachment-osom-h-s size-osom-h-s\" alt=\"\" loading=\"lazy\" srcset=\"https:\/\/www.talking-about-whippets.de\/blog\/wp-content\/uploads\/2019\/03\/10-Tag-R\u00fcde-2_hp-576x384.jpg 576w, https:\/\/www.talking-about-whippets.de\/blog\/wp-content\/uploads\/2019\/03\/10-Tag-R\u00fcde-2_hp-188x126.jpg 188w, https:\/\/www.talking-about-whippets.de\/blog\/wp-content\/uploads\/2019\/03\/10-Tag-R\u00fcde-2_hp-494x330.jpg 494w, https:\/\/www.talking-about-whippets.de\/blog\/wp-content\/uploads\/2019\/03\/10-Tag-R\u00fcde-2_hp-1170x780.jpg 1170w, https:\/\/www.talking-about-whippets.de\/blog\/wp-content\/uploads\/2019\/03\/10-Tag-R\u00fcde-2_hp-940x626.jpg 940w, https:\/\/www.talking-about-whippets.de\/blog\/wp-content\/uploads\/2019\/03\/10-Tag-R\u00fcde-2_hp-320x213.jpg 320w, https:\/\/www.talking-about-whippets.de\/blog\/wp-content\/uploads\/2019\/03\/10-Tag-R\u00fcde-2_hp-120x80.jpg 120w, https:\/\/www.talking-about-whippets.de\/blog\/wp-content\/uploads\/2019\/03\/10-Tag-R\u00fcde-2_hp-720x480.jpg 720w\" sizes=\"(max-width: 576px) 100vw, 576px\" \/><\/a>\n\t\t\t<\/div><\/div><\/figure><figure class='gallery-item gridItem gridItem--animate'><div class='gridItem__content'>\n\t\t\t<div class='gallery-icon'>\n\t\t\t\t<a href='https:\/\/www.talking-about-whippets.de\/blog\/wp-content\/uploads\/2019\/03\/Tag-10-R\u00fcde-2-Portrait_hp.jpg'><img width=\"576\" height=\"384\" src=\"https:\/\/www.talking-about-whippets.de\/blog\/wp-content\/uploads\/2019\/03\/Tag-10-R\u00fcde-2-Portrait_hp-576x384.jpg\" class=\"attachment-osom-h-s size-osom-h-s\" alt=\"\" loading=\"lazy\" srcset=\"https:\/\/www.talking-about-whippets.de\/blog\/wp-content\/uploads\/2019\/03\/Tag-10-R\u00fcde-2-Portrait_hp-576x384.jpg 576w, https:\/\/www.talking-about-whippets.de\/blog\/wp-content\/uploads\/2019\/03\/Tag-10-R\u00fcde-2-Portrait_hp-188x126.jpg 188w, https:\/\/www.talking-about-whippets.de\/blog\/wp-content\/uploads\/2019\/03\/Tag-10-R\u00fcde-2-Portrait_hp-494x330.jpg 494w, https:\/\/www.talking-about-whippets.de\/blog\/wp-content\/uploads\/2019\/03\/Tag-10-R\u00fcde-2-Portrait_hp-1170x780.jpg 1170w, https:\/\/www.talking-about-whippets.de\/blog\/wp-content\/uploads\/2019\/03\/Tag-10-R\u00fcde-2-Portrait_hp-940x626.jpg 940w, https:\/\/www.talking-about-whippets.de\/blog\/wp-content\/uploads\/2019\/03\/Tag-10-R\u00fcde-2-Portrait_hp-320x213.jpg 320w, https:\/\/www.talking-about-whippets.de\/blog\/wp-content\/uploads\/2019\/03\/Tag-10-R\u00fcde-2-Portrait_hp-120x80.jpg 120w, https:\/\/www.talking-about-whippets.de\/blog\/wp-content\/uploads\/2019\/03\/Tag-10-R\u00fcde-2-Portrait_hp-720x480.jpg 720w\" sizes=\"(max-width: 576px) 100vw, 576px\" \/><\/a>\n\t\t\t<\/div><\/div><\/figure><figure class='gallery-item gridItem gridItem--animate'><div class='gridItem__content'>\n\t\t\t<div class='gallery-icon'>\n\t\t\t\t<a href='https:\/\/www.talking-about-whippets.de\/blog\/wp-content\/uploads\/2019\/03\/10-Tag-Mama-und-der-kleine-L\u00f6we_hp.jpg'><img width=\"576\" height=\"384\" src=\"https:\/\/www.talking-about-whippets.de\/blog\/wp-content\/uploads\/2019\/03\/10-Tag-Mama-und-der-kleine-L\u00f6we_hp-576x384.jpg\" class=\"attachment-osom-h-s size-osom-h-s\" alt=\"\" loading=\"lazy\" srcset=\"https:\/\/www.talking-about-whippets.de\/blog\/wp-content\/uploads\/2019\/03\/10-Tag-Mama-und-der-kleine-L\u00f6we_hp-576x384.jpg 576w, https:\/\/www.talking-about-whippets.de\/blog\/wp-content\/uploads\/2019\/03\/10-Tag-Mama-und-der-kleine-L\u00f6we_hp-188x126.jpg 188w, https:\/\/www.talking-about-whippets.de\/blog\/wp-content\/uploads\/2019\/03\/10-Tag-Mama-und-der-kleine-L\u00f6we_hp-494x330.jpg 494w, https:\/\/www.talking-about-whippets.de\/blog\/wp-content\/uploads\/2019\/03\/10-Tag-Mama-und-der-kleine-L\u00f6we_hp-1170x780.jpg 1170w, https:\/\/www.talking-about-whippets.de\/blog\/wp-content\/uploads\/2019\/03\/10-Tag-Mama-und-der-kleine-L\u00f6we_hp-940x626.jpg 940w, https:\/\/www.talking-about-whippets.de\/blog\/wp-content\/uploads\/2019\/03\/10-Tag-Mama-und-der-kleine-L\u00f6we_hp-320x213.jpg 320w, https:\/\/www.talking-about-whippets.de\/blog\/wp-content\/uploads\/2019\/03\/10-Tag-Mama-und-der-kleine-L\u00f6we_hp-120x80.jpg 120w, https:\/\/www.talking-about-whippets.de\/blog\/wp-content\/uploads\/2019\/03\/10-Tag-Mama-und-der-kleine-L\u00f6we_hp-720x480.jpg 720w\" sizes=\"(max-width: 576px) 100vw, 576px\" \/><\/a>\n\t\t\t<\/div><\/div><\/figure><figure class='gallery-item gridItem gridItem--animate'><div class='gridItem__content'>\n\t\t\t<div class='gallery-icon'>\n\t\t\t\t<a href='https:\/\/www.talking-about-whippets.de\/blog\/wp-content\/uploads\/2019\/03\/10-Tag-R\u00fcde-2-das-L\u00f6wenm\u00e4ulchen-scaled.jpg'><img width=\"576\" height=\"384\" src=\"https:\/\/www.talking-about-whippets.de\/blog\/wp-content\/uploads\/2019\/03\/10-Tag-R\u00fcde-2-das-L\u00f6wenm\u00e4ulchen-576x384.jpg\" class=\"attachment-osom-h-s size-osom-h-s\" alt=\"\" loading=\"lazy\" srcset=\"https:\/\/www.talking-about-whippets.de\/blog\/wp-content\/uploads\/2019\/03\/10-Tag-R\u00fcde-2-das-L\u00f6wenm\u00e4ulchen-576x384.jpg 576w, https:\/\/www.talking-about-whippets.de\/blog\/wp-content\/uploads\/2019\/03\/10-Tag-R\u00fcde-2-das-L\u00f6wenm\u00e4ulchen-188x126.jpg 188w, https:\/\/www.talking-about-whippets.de\/blog\/wp-content\/uploads\/2019\/03\/10-Tag-R\u00fcde-2-das-L\u00f6wenm\u00e4ulchen-494x330.jpg 494w, https:\/\/www.talking-about-whippets.de\/blog\/wp-content\/uploads\/2019\/03\/10-Tag-R\u00fcde-2-das-L\u00f6wenm\u00e4ulchen-1536x1027.jpg 1536w, https:\/\/www.talking-about-whippets.de\/blog\/wp-content\/uploads\/2019\/03\/10-Tag-R\u00fcde-2-das-L\u00f6wenm\u00e4ulchen-2048x1370.jpg 2048w, https:\/\/www.talking-about-whippets.de\/blog\/wp-content\/uploads\/2019\/03\/10-Tag-R\u00fcde-2-das-L\u00f6wenm\u00e4ulchen-1170x780.jpg 1170w, https:\/\/www.talking-about-whippets.de\/blog\/wp-content\/uploads\/2019\/03\/10-Tag-R\u00fcde-2-das-L\u00f6wenm\u00e4ulchen-940x626.jpg 940w, https:\/\/www.talking-about-whippets.de\/blog\/wp-content\/uploads\/2019\/03\/10-Tag-R\u00fcde-2-das-L\u00f6wenm\u00e4ulchen-320x213.jpg 320w, https:\/\/www.talking-about-whippets.de\/blog\/wp-content\/uploads\/2019\/03\/10-Tag-R\u00fcde-2-das-L\u00f6wenm\u00e4ulchen-120x80.jpg 120w, https:\/\/www.talking-about-whippets.de\/blog\/wp-content\/uploads\/2019\/03\/10-Tag-R\u00fcde-2-das-L\u00f6wenm\u00e4ulchen-720x480.jpg 720w\" sizes=\"(max-width: 576px) 100vw, 576px\" \/><\/a>\n\t\t\t<\/div><\/div><\/figure>\n\t\t<\/div>\n<\/p>\n","protected":false},"excerpt":{"rendered":"<p>Hier gibt es ein kleines Fotoalbum f&#252;r unseren kleinen R&#252;den 2. Mit dem breiten wei&#223;en Kragen ist er gut zu&hellip;<\/p>\n","protected":false},"author":1,"featured_media":9871,"parent":9977,"menu_order":4,"comment_status":"closed","ping_status":"closed","template":"","meta":[],"_links":{"self":[{"href":"https:\/\/www.talking-about-whippets.de\/blog\/wp-json\/wp\/v2\/pages\/9865"}],"collection":[{"href":"https:\/\/www.talking-about-whippets.de\/blog\/wp-json\/wp\/v2\/pages"}],"about":[{"href":"https:\/\/www.talking-about-whippets.de\/blog\/wp-json\/wp\/v2\/types\/page"}],"author":[{"embeddable":true,"href":"https:\/\/www.talking-about-whippets.de\/blog\/wp-json\/wp\/v2\/users\/1"}],"replies":[{"embeddable":true,"href":"https:\/\/www.talking-about-whippets.de\/blog\/wp-json\/wp\/v2\/comments?post=9865"}],"version-history":[{"count":2,"href":"https:\/\/www.talking-about-whippets.de\/blog\/wp-json\/wp\/v2\/pages\/9865\/revisions"}],"predecessor-version":[{"id":9986,"href":"https:\/\/www.talking-about-whippets.de\/blog\/wp-json\/wp\/v2\/pages\/9865\/revisions\/9986"}],"up":[{"embeddable":true,"href":"https:\/\/www.talking-about-whippets.de\/blog\/wp-json\/wp\/v2\/pages\/9977"}],"wp:featuredmedia":[{"embeddable":true,"href":"https:\/\/www.talking-about-whippets.de\/blog\/wp-json\/wp\/v2\/media\/9871"}],"wp:attachment":[{"href":"https:\/\/www.talking-about-whippets.de\/blog\/wp-json\/wp\/v2\/media?parent=9865"}],"curies":[{"name":"wp","href":"https:\/\/api.w.org\/{rel}","templated":true}]}}