{"id":7738,"date":"2015-07-20T08:32:42","date_gmt":"2015-07-20T06:32:42","guid":{"rendered":"http:\/\/www.talking-about-whippets.de\/blog\/?page_id=7738"},"modified":"2016-06-13T21:11:30","modified_gmt":"2016-06-13T19:11:30","slug":"woche-5","status":"publish","type":"page","link":"https:\/\/www.talking-about-whippets.de\/blog\/wurfe-2\/welpen\/woche-5\/","title":{"rendered":"Woche 5"},"content":{"rendered":"<p><a href=\"http:\/\/www.talking-about-whippets.de\/blog\/wp-content\/uploads\/2015\/07\/Spielkreis-Mama-mit-den-M&#228;dchen-und-Bumerang.jpg\"><img loading=\"lazy\" src=\"http:\/\/www.talking-about-whippets.de\/blog\/wp-content\/uploads\/2015\/07\/Spielkreis-Mama-mit-den-M&#228;dchen-und-Bumerang-480x321.jpg\" alt=\"\" title=\"Spielkreis Mama mit den M&#228;dchen und Bumerang\" width=\"480\" height=\"321\" class=\"alignleft size-medium wp-image-7750\" srcset=\"https:\/\/www.talking-about-whippets.de\/blog\/wp-content\/uploads\/2015\/07\/Spielkreis-Mama-mit-den-M&#228;dchen-und-Bumerang-480x321.jpg 480w, https:\/\/www.talking-about-whippets.de\/blog\/wp-content\/uploads\/2015\/07\/Spielkreis-Mama-mit-den-M&#228;dchen-und-Bumerang-188x126.jpg 188w, https:\/\/www.talking-about-whippets.de\/blog\/wp-content\/uploads\/2015\/07\/Spielkreis-Mama-mit-den-M&#228;dchen-und-Bumerang-494x330.jpg 494w, https:\/\/www.talking-about-whippets.de\/blog\/wp-content\/uploads\/2015\/07\/Spielkreis-Mama-mit-den-M&#228;dchen-und-Bumerang-768x514.jpg 768w, https:\/\/www.talking-about-whippets.de\/blog\/wp-content\/uploads\/2015\/07\/Spielkreis-Mama-mit-den-M&#228;dchen-und-Bumerang-720x480.jpg 720w, https:\/\/www.talking-about-whippets.de\/blog\/wp-content\/uploads\/2015\/07\/Spielkreis-Mama-mit-den-M&#228;dchen-und-Bumerang-576x384.jpg 576w, https:\/\/www.talking-about-whippets.de\/blog\/wp-content\/uploads\/2015\/07\/Spielkreis-Mama-mit-den-M&#228;dchen-und-Bumerang-320x213.jpg 320w, https:\/\/www.talking-about-whippets.de\/blog\/wp-content\/uploads\/2015\/07\/Spielkreis-Mama-mit-den-M&#228;dchen-und-Bumerang-120x80.jpg 120w, https:\/\/www.talking-about-whippets.de\/blog\/wp-content\/uploads\/2015\/07\/Spielkreis-Mama-mit-den-M&#228;dchen-und-Bumerang-1170x780.jpg 1170w, https:\/\/www.talking-about-whippets.de\/blog\/wp-content\/uploads\/2015\/07\/Spielkreis-Mama-mit-den-M&#228;dchen-und-Bumerang-940x626.jpg 940w, https:\/\/www.talking-about-whippets.de\/blog\/wp-content\/uploads\/2015\/07\/Spielkreis-Mama-mit-den-M&#228;dchen-und-Bumerang.jpg 800w\" sizes=\"(max-width: 480px) 100vw, 480px\" \/><\/a><br \/>\ndie Welpen haben zum ersten Mal einen Ausflug ins Freie gemacht,<br \/>\nnoch ist die Hundeklappe zum Aussenauslauf geschlossen, aber gemeinsam<br \/>\nmit uns &#8220;Zweibeinern&#8221; und Mama Camy haben wir einen ersten Ausflug gewagt<br \/>\nwir haben zum dritten Mal die Krallen geschnitten<br \/>\nwir haben zum zweiten Mal die Whippchen entwurmt<br \/>\nwir f&#252;ttern inzwischen 3 Malzeiten, Mama Camy spendiert den &#8220;Nachtisch&#8221;<br \/>\ndie Kleinen beginnen intensiv miteinander zu spielen<br \/>\naber auch das eine oder andere Spielger&#228;t wird schon erprobt<\/p>\n<p>f&#252;r das &#8220;gro&#223;e Gesch&#228;ft&#8221; machen sich die kleinen schon auf den Weg in den zweiten Auslauf, ihren Schlafbereich halten sie zunehmend sauber.<\/p>\n<div id='gallery-1' class='gallery galleryid-7738 gallery-popup gallery-columns-5 gallery-size-xs gridItems gridItems--small gridItems--xs-5' data-columns><figure class='gallery-item gridItem gridItem--animate'><div class='gridItem__content'>\n\t\t\t<div class='gallery-icon'>\n\t\t\t\t<a href='https:\/\/www.talking-about-whippets.de\/blog\/wp-content\/uploads\/2015\/07\/Ausflug-ins-Gr\u00fcne_H\u00fcndin-2-H\u00fcndin-4-R\u00fcde-4-und-R\u00fcde-2.jpg'><img width=\"320\" height=\"213\" src=\"https:\/\/www.talking-about-whippets.de\/blog\/wp-content\/uploads\/2015\/07\/Ausflug-ins-Gr\u00fcne_H\u00fcndin-2-H\u00fcndin-4-R\u00fcde-4-und-R\u00fcde-2.jpg\" class=\"attachment-osom-h-xs size-osom-h-xs\" alt=\"\" loading=\"lazy\" srcset=\"https:\/\/www.talking-about-whippets.de\/blog\/wp-content\/uploads\/2015\/07\/Ausflug-ins-Gr\u00fcne_H\u00fcndin-2-H\u00fcndin-4-R\u00fcde-4-und-R\u00fcde-2.jpg 800w, https:\/\/www.talking-about-whippets.de\/blog\/wp-content\/uploads\/2015\/07\/Ausflug-ins-Gr\u00fcne_H\u00fcndin-2-H\u00fcndin-4-R\u00fcde-4-und-R\u00fcde-2-480x321.jpg 480w\" sizes=\"(max-width: 320px) 100vw, 320px\" \/><\/a>\n\t\t\t<\/div><\/div><\/figure><figure class='gallery-item gridItem gridItem--animate'><div class='gridItem__content'>\n\t\t\t<div class='gallery-icon'>\n\t\t\t\t<a href='https:\/\/www.talking-about-whippets.de\/blog\/wp-content\/uploads\/2015\/07\/das-erste-Mal-Rasen_H\u00fcndin-3.jpg'><img width=\"320\" height=\"213\" src=\"https:\/\/www.talking-about-whippets.de\/blog\/wp-content\/uploads\/2015\/07\/das-erste-Mal-Rasen_H\u00fcndin-3.jpg\" class=\"attachment-osom-h-xs size-osom-h-xs\" alt=\"\" loading=\"lazy\" srcset=\"https:\/\/www.talking-about-whippets.de\/blog\/wp-content\/uploads\/2015\/07\/das-erste-Mal-Rasen_H\u00fcndin-3.jpg 800w, https:\/\/www.talking-about-whippets.de\/blog\/wp-content\/uploads\/2015\/07\/das-erste-Mal-Rasen_H\u00fcndin-3-480x321.jpg 480w\" sizes=\"(max-width: 320px) 100vw, 320px\" \/><\/a>\n\t\t\t<\/div><\/div><\/figure><figure class='gallery-item gridItem gridItem--animate'><div class='gridItem__content'>\n\t\t\t<div class='gallery-icon'>\n\t\t\t\t<a href='https:\/\/www.talking-about-whippets.de\/blog\/wp-content\/uploads\/2015\/07\/H\u00fcndin-3-und-Mama-immer-dabei.jpg'><img width=\"320\" height=\"213\" src=\"https:\/\/www.talking-about-whippets.de\/blog\/wp-content\/uploads\/2015\/07\/H\u00fcndin-3-und-Mama-immer-dabei.jpg\" class=\"attachment-osom-h-xs size-osom-h-xs\" alt=\"\" loading=\"lazy\" srcset=\"https:\/\/www.talking-about-whippets.de\/blog\/wp-content\/uploads\/2015\/07\/H\u00fcndin-3-und-Mama-immer-dabei.jpg 800w, https:\/\/www.talking-about-whippets.de\/blog\/wp-content\/uploads\/2015\/07\/H\u00fcndin-3-und-Mama-immer-dabei-480x321.jpg 480w\" sizes=\"(max-width: 320px) 100vw, 320px\" \/><\/a>\n\t\t\t<\/div><\/div><\/figure><figure class='gallery-item gridItem gridItem--animate'><div class='gridItem__content'>\n\t\t\t<div class='gallery-icon'>\n\t\t\t\t<a href='https:\/\/www.talking-about-whippets.de\/blog\/wp-content\/uploads\/2015\/07\/H\u00fcndin-4-Portrait.jpg'><img width=\"320\" height=\"213\" src=\"https:\/\/www.talking-about-whippets.de\/blog\/wp-content\/uploads\/2015\/07\/H\u00fcndin-4-Portrait.jpg\" class=\"attachment-osom-h-xs size-osom-h-xs\" alt=\"\" loading=\"lazy\" srcset=\"https:\/\/www.talking-about-whippets.de\/blog\/wp-content\/uploads\/2015\/07\/H\u00fcndin-4-Portrait.jpg 800w, https:\/\/www.talking-about-whippets.de\/blog\/wp-content\/uploads\/2015\/07\/H\u00fcndin-4-Portrait-480x321.jpg 480w\" sizes=\"(max-width: 320px) 100vw, 320px\" \/><\/a>\n\t\t\t<\/div><\/div><\/figure><figure class='gallery-item gridItem gridItem--animate'><div class='gridItem__content'>\n\t\t\t<div class='gallery-icon'>\n\t\t\t\t<a href='https:\/\/www.talking-about-whippets.de\/blog\/wp-content\/uploads\/2015\/07\/H\u00fcndin-drei-zwei-und-vier.jpg'><img width=\"320\" height=\"213\" src=\"https:\/\/www.talking-about-whippets.de\/blog\/wp-content\/uploads\/2015\/07\/H\u00fcndin-drei-zwei-und-vier.jpg\" class=\"attachment-osom-h-xs size-osom-h-xs\" alt=\"\" loading=\"lazy\" srcset=\"https:\/\/www.talking-about-whippets.de\/blog\/wp-content\/uploads\/2015\/07\/H\u00fcndin-drei-zwei-und-vier.jpg 800w, https:\/\/www.talking-about-whippets.de\/blog\/wp-content\/uploads\/2015\/07\/H\u00fcndin-drei-zwei-und-vier-480x321.jpg 480w\" sizes=\"(max-width: 320px) 100vw, 320px\" \/><\/a>\n\t\t\t<\/div><\/div><\/figure><figure class='gallery-item gridItem gridItem--animate'><div class='gridItem__content'>\n\t\t\t<div class='gallery-icon'>\n\t\t\t\t<a href='https:\/\/www.talking-about-whippets.de\/blog\/wp-content\/uploads\/2015\/07\/Mutter-und-Tochter_die-kleine-H\u00fcndin-4.jpg'><img width=\"320\" height=\"213\" src=\"https:\/\/www.talking-about-whippets.de\/blog\/wp-content\/uploads\/2015\/07\/Mutter-und-Tochter_die-kleine-H\u00fcndin-4.jpg\" class=\"attachment-osom-h-xs size-osom-h-xs\" alt=\"\" loading=\"lazy\" srcset=\"https:\/\/www.talking-about-whippets.de\/blog\/wp-content\/uploads\/2015\/07\/Mutter-und-Tochter_die-kleine-H\u00fcndin-4.jpg 800w, https:\/\/www.talking-about-whippets.de\/blog\/wp-content\/uploads\/2015\/07\/Mutter-und-Tochter_die-kleine-H\u00fcndin-4-480x321.jpg 480w\" sizes=\"(max-width: 320px) 100vw, 320px\" \/><\/a>\n\t\t\t<\/div><\/div><\/figure><figure class='gallery-item gridItem gridItem--animate'><div class='gridItem__content'>\n\t\t\t<div class='gallery-icon'>\n\t\t\t\t<a href='https:\/\/www.talking-about-whippets.de\/blog\/wp-content\/uploads\/2015\/07\/Picknick-mit-Camy_H\u00fcndin-5-und-R\u00fcde-3.jpg'><img width=\"320\" height=\"213\" src=\"https:\/\/www.talking-about-whippets.de\/blog\/wp-content\/uploads\/2015\/07\/Picknick-mit-Camy_H\u00fcndin-5-und-R\u00fcde-3.jpg\" class=\"attachment-osom-h-xs size-osom-h-xs\" alt=\"\" loading=\"lazy\" srcset=\"https:\/\/www.talking-about-whippets.de\/blog\/wp-content\/uploads\/2015\/07\/Picknick-mit-Camy_H\u00fcndin-5-und-R\u00fcde-3.jpg 800w, https:\/\/www.talking-about-whippets.de\/blog\/wp-content\/uploads\/2015\/07\/Picknick-mit-Camy_H\u00fcndin-5-und-R\u00fcde-3-480x321.jpg 480w\" sizes=\"(max-width: 320px) 100vw, 320px\" \/><\/a>\n\t\t\t<\/div><\/div><\/figure><figure class='gallery-item gridItem gridItem--animate'><div class='gridItem__content'>\n\t\t\t<div class='gallery-icon'>\n\t\t\t\t<a href='https:\/\/www.talking-about-whippets.de\/blog\/wp-content\/uploads\/2015\/07\/R\u00fcde-3_-sehr-s\u00fc\u00df.jpg'><img width=\"320\" height=\"213\" src=\"https:\/\/www.talking-about-whippets.de\/blog\/wp-content\/uploads\/2015\/07\/R\u00fcde-3_-sehr-s\u00fc\u00df.jpg\" class=\"attachment-osom-h-xs size-osom-h-xs\" alt=\"\" loading=\"lazy\" srcset=\"https:\/\/www.talking-about-whippets.de\/blog\/wp-content\/uploads\/2015\/07\/R\u00fcde-3_-sehr-s\u00fc\u00df.jpg 800w, https:\/\/www.talking-about-whippets.de\/blog\/wp-content\/uploads\/2015\/07\/R\u00fcde-3_-sehr-s\u00fc\u00df-480x321.jpg 480w\" sizes=\"(max-width: 320px) 100vw, 320px\" \/><\/a>\n\t\t\t<\/div><\/div><\/figure><figure class='gallery-item gridItem gridItem--animate'><div class='gridItem__content'>\n\t\t\t<div class='gallery-icon'>\n\t\t\t\t<a href='https:\/\/www.talking-about-whippets.de\/blog\/wp-content\/uploads\/2015\/07\/R\u00fcde-3_Bumerang.jpg'><img width=\"320\" height=\"213\" src=\"https:\/\/www.talking-about-whippets.de\/blog\/wp-content\/uploads\/2015\/07\/R\u00fcde-3_Bumerang.jpg\" class=\"attachment-osom-h-xs size-osom-h-xs\" alt=\"\" loading=\"lazy\" srcset=\"https:\/\/www.talking-about-whippets.de\/blog\/wp-content\/uploads\/2015\/07\/R\u00fcde-3_Bumerang.jpg 800w, https:\/\/www.talking-about-whippets.de\/blog\/wp-content\/uploads\/2015\/07\/R\u00fcde-3_Bumerang-480x321.jpg 480w\" sizes=\"(max-width: 320px) 100vw, 320px\" \/><\/a>\n\t\t\t<\/div><\/div><\/figure><figure class='gallery-item gridItem gridItem--animate'><div class='gridItem__content'>\n\t\t\t<div class='gallery-icon'>\n\t\t\t\t<a href='https:\/\/www.talking-about-whippets.de\/blog\/wp-content\/uploads\/2015\/07\/spielen-H\u00fcndin-2-und-4.jpg'><img width=\"320\" height=\"213\" src=\"https:\/\/www.talking-about-whippets.de\/blog\/wp-content\/uploads\/2015\/07\/spielen-H\u00fcndin-2-und-4.jpg\" class=\"attachment-osom-h-xs size-osom-h-xs\" alt=\"\" loading=\"lazy\" srcset=\"https:\/\/www.talking-about-whippets.de\/blog\/wp-content\/uploads\/2015\/07\/spielen-H\u00fcndin-2-und-4.jpg 800w, https:\/\/www.talking-about-whippets.de\/blog\/wp-content\/uploads\/2015\/07\/spielen-H\u00fcndin-2-und-4-480x321.jpg 480w\" sizes=\"(max-width: 320px) 100vw, 320px\" \/><\/a>\n\t\t\t<\/div><\/div><\/figure><figure class='gallery-item gridItem gridItem--animate'><div class='gridItem__content'>\n\t\t\t<div class='gallery-icon'>\n\t\t\t\t<a href='https:\/\/www.talking-about-whippets.de\/blog\/wp-content\/uploads\/2015\/07\/Spielkreis-Mama-mit-den-M\u00e4dchen-und-Bumerang.jpg'><img width=\"320\" height=\"213\" src=\"https:\/\/www.talking-about-whippets.de\/blog\/wp-content\/uploads\/2015\/07\/Spielkreis-Mama-mit-den-M\u00e4dchen-und-Bumerang-320x213.jpg\" class=\"attachment-osom-h-xs size-osom-h-xs\" alt=\"\" loading=\"lazy\" srcset=\"https:\/\/www.talking-about-whippets.de\/blog\/wp-content\/uploads\/2015\/07\/Spielkreis-Mama-mit-den-M\u00e4dchen-und-Bumerang-320x213.jpg 320w, https:\/\/www.talking-about-whippets.de\/blog\/wp-content\/uploads\/2015\/07\/Spielkreis-Mama-mit-den-M\u00e4dchen-und-Bumerang-188x126.jpg 188w, https:\/\/www.talking-about-whippets.de\/blog\/wp-content\/uploads\/2015\/07\/Spielkreis-Mama-mit-den-M\u00e4dchen-und-Bumerang-494x330.jpg 494w, https:\/\/www.talking-about-whippets.de\/blog\/wp-content\/uploads\/2015\/07\/Spielkreis-Mama-mit-den-M\u00e4dchen-und-Bumerang-768x514.jpg 768w, https:\/\/www.talking-about-whippets.de\/blog\/wp-content\/uploads\/2015\/07\/Spielkreis-Mama-mit-den-M\u00e4dchen-und-Bumerang-720x480.jpg 720w, https:\/\/www.talking-about-whippets.de\/blog\/wp-content\/uploads\/2015\/07\/Spielkreis-Mama-mit-den-M\u00e4dchen-und-Bumerang-576x384.jpg 576w, https:\/\/www.talking-about-whippets.de\/blog\/wp-content\/uploads\/2015\/07\/Spielkreis-Mama-mit-den-M\u00e4dchen-und-Bumerang-120x80.jpg 120w, https:\/\/www.talking-about-whippets.de\/blog\/wp-content\/uploads\/2015\/07\/Spielkreis-Mama-mit-den-M\u00e4dchen-und-Bumerang-1170x780.jpg 1170w, https:\/\/www.talking-about-whippets.de\/blog\/wp-content\/uploads\/2015\/07\/Spielkreis-Mama-mit-den-M\u00e4dchen-und-Bumerang-940x626.jpg 940w, https:\/\/www.talking-about-whippets.de\/blog\/wp-content\/uploads\/2015\/07\/Spielkreis-Mama-mit-den-M\u00e4dchen-und-Bumerang-480x321.jpg 480w, https:\/\/www.talking-about-whippets.de\/blog\/wp-content\/uploads\/2015\/07\/Spielkreis-Mama-mit-den-M\u00e4dchen-und-Bumerang.jpg 800w\" sizes=\"(max-width: 320px) 100vw, 320px\" \/><\/a>\n\t\t\t<\/div><\/div><\/figure><figure class='gallery-item gridItem gridItem--animate'><div class='gridItem__content'>\n\t\t\t<div class='gallery-icon'>\n\t\t\t\t<a href='https:\/\/www.talking-about-whippets.de\/blog\/wp-content\/uploads\/2015\/07\/unter-Mamas-wachsamem-Blick_H\u00fcndin-3-und-5.jpg'><img width=\"320\" height=\"213\" src=\"https:\/\/www.talking-about-whippets.de\/blog\/wp-content\/uploads\/2015\/07\/unter-Mamas-wachsamem-Blick_H\u00fcndin-3-und-5.jpg\" class=\"attachment-osom-h-xs size-osom-h-xs\" alt=\"\" loading=\"lazy\" srcset=\"https:\/\/www.talking-about-whippets.de\/blog\/wp-content\/uploads\/2015\/07\/unter-Mamas-wachsamem-Blick_H\u00fcndin-3-und-5.jpg 800w, https:\/\/www.talking-about-whippets.de\/blog\/wp-content\/uploads\/2015\/07\/unter-Mamas-wachsamem-Blick_H\u00fcndin-3-und-5-480x321.jpg 480w\" sizes=\"(max-width: 320px) 100vw, 320px\" \/><\/a>\n\t\t\t<\/div><\/div><\/figure>\n\t\t<\/div>\n\n","protected":false},"excerpt":{"rendered":"<p>die Welpen haben zum ersten Mal einen Ausflug ins Freie gemacht, noch ist die Hundeklappe zum Aussenauslauf geschlossen, aber gemeinsam&hellip;<\/p>\n","protected":false},"author":1,"featured_media":7750,"parent":10,"menu_order":14,"comment_status":"open","ping_status":"open","template":"","meta":[],"_links":{"self":[{"href":"https:\/\/www.talking-about-whippets.de\/blog\/wp-json\/wp\/v2\/pages\/7738"}],"collection":[{"href":"https:\/\/www.talking-about-whippets.de\/blog\/wp-json\/wp\/v2\/pages"}],"about":[{"href":"https:\/\/www.talking-about-whippets.de\/blog\/wp-json\/wp\/v2\/types\/page"}],"author":[{"embeddable":true,"href":"https:\/\/www.talking-about-whippets.de\/blog\/wp-json\/wp\/v2\/users\/1"}],"replies":[{"embeddable":true,"href":"https:\/\/www.talking-about-whippets.de\/blog\/wp-json\/wp\/v2\/comments?post=7738"}],"version-history":[{"count":5,"href":"https:\/\/www.talking-about-whippets.de\/blog\/wp-json\/wp\/v2\/pages\/7738\/revisions"}],"predecessor-version":[{"id":7954,"href":"https:\/\/www.talking-about-whippets.de\/blog\/wp-json\/wp\/v2\/pages\/7738\/revisions\/7954"}],"up":[{"embeddable":true,"href":"https:\/\/www.talking-about-whippets.de\/blog\/wp-json\/wp\/v2\/pages\/10"}],"wp:featuredmedia":[{"embeddable":true,"href":"https:\/\/www.talking-about-whippets.de\/blog\/wp-json\/wp\/v2\/media\/7750"}],"wp:attachment":[{"href":"https:\/\/www.talking-about-whippets.de\/blog\/wp-json\/wp\/v2\/media?parent=7738"}],"curies":[{"name":"wp","href":"https:\/\/api.w.org\/{rel}","templated":true}]}}